{"id":1007,"date":"2025-01-15T13:12:07","date_gmt":"2025-01-15T16:12:07","guid":{"rendered":"https:\/\/laboratoriomaia.com.br\/site\/?page_id=1007"},"modified":"2025-04-07T16:15:29","modified_gmt":"2025-04-07T19:15:29","slug":"convenios","status":"publish","type":"page","link":"https:\/\/laboratoriomaia.com.br\/site\/convenios\/","title":{"rendered":"Conv\u00eanios"},"content":{"rendered":"\t\t<div data-elementor-type=\"wp-page\" data-elementor-id=\"1007\" class=\"elementor elementor-1007\" data-elementor-settings=\"{&quot;ha_cmc_init_switcher&quot;:&quot;no&quot;}\" data-elementor-post-type=\"page\">\n\t\t\t\t<div data-particle_enable=\"false\" data-particle-mobile-disabled=\"false\" class=\"elementor-element elementor-element-9442f5a e-flex e-con-boxed e-con e-parent\" data-id=\"9442f5a\" data-element_type=\"container\" data-e-type=\"container\" data-settings=\"{&quot;background_background&quot;:&quot;classic&quot;,&quot;_ha_eqh_enable&quot;:false}\">\n\t\t\t\t\t<div class=\"e-con-inner\">\n\t\t\t\t<div class=\"elementor-element elementor-element-8678842 elementor-widget__width-inherit elementor-widget elementor-widget-text-editor\" data-id=\"8678842\" data-element_type=\"widget\" data-e-type=\"widget\" data-widget_type=\"text-editor.default\">\n\t\t\t\t<div class=\"elementor-widget-container\">\n\t\t\t\t\t\t\t\t\t<p>conv\u00eanios<\/p>\t\t\t\t\t\t\t\t<\/div>\n\t\t\t\t<\/div>\n\t\t\t\t<div class=\"elementor-element elementor-element-c485608 elementor-widget__width-initial elementor-widget elementor-widget-text-editor\" data-id=\"c485608\" data-element_type=\"widget\" data-e-type=\"widget\" data-widget_type=\"text-editor.default\">\n\t\t\t\t<div class=\"elementor-widget-container\">\n\t\t\t\t\t\t\t\t\t<p>Como utilizar o conv\u00eanio<\/p>\t\t\t\t\t\t\t\t<\/div>\n\t\t\t\t<\/div>\n\t\t<div data-particle_enable=\"false\" data-particle-mobile-disabled=\"false\" class=\"elementor-element elementor-element-005f9a3 e-con-full e-flex e-con e-child\" data-id=\"005f9a3\" data-element_type=\"container\" data-e-type=\"container\" data-settings=\"{&quot;_ha_eqh_enable&quot;:false}\">\n\t\t<div data-particle_enable=\"false\" data-particle-mobile-disabled=\"false\" class=\"elementor-element elementor-element-de3dacb e-con-full e-flex e-con e-child\" data-id=\"de3dacb\" data-element_type=\"container\" data-e-type=\"container\" data-settings=\"{&quot;_ha_eqh_enable&quot;:false}\">\n\t\t\t\t<div class=\"elementor-element elementor-element-91edb98 elementor-widget-mobile__width-inherit elementor-widget elementor-widget-image\" data-id=\"91edb98\" data-element_type=\"widget\" data-e-type=\"widget\" data-widget_type=\"image.default\">\n\t\t\t\t<div class=\"elementor-widget-container\">\n\t\t\t\t\t\t\t\t\t\t\t\t\t\t\t<img fetchpriority=\"high\" decoding=\"async\" width=\"1080\" height=\"1920\" src=\"https:\/\/laboratoriomaia.com.br\/site\/wp-content\/uploads\/2025\/04\/labmaia-convenio.png\" class=\"attachment-full size-full wp-image-1370\" alt=\"\" srcset=\"https:\/\/laboratoriomaia.com.br\/site\/wp-content\/uploads\/2025\/04\/labmaia-convenio.png 1080w, https:\/\/laboratoriomaia.com.br\/site\/wp-content\/uploads\/2025\/04\/labmaia-convenio-169x300.png 169w, https:\/\/laboratoriomaia.com.br\/site\/wp-content\/uploads\/2025\/04\/labmaia-convenio-576x1024.png 576w, https:\/\/laboratoriomaia.com.br\/site\/wp-content\/uploads\/2025\/04\/labmaia-convenio-768x1365.png 768w, https:\/\/laboratoriomaia.com.br\/site\/wp-content\/uploads\/2025\/04\/labmaia-convenio-864x1536.png 864w\" sizes=\"(max-width: 1080px) 100vw, 1080px\" \/>\t\t\t\t\t\t\t\t\t\t\t\t\t\t\t<\/div>\n\t\t\t\t<\/div>\n\t\t\t\t<\/div>\n\t\t<div data-particle_enable=\"false\" data-particle-mobile-disabled=\"false\" class=\"elementor-element elementor-element-5b275c1 e-con-full e-flex e-con e-child\" data-id=\"5b275c1\" data-element_type=\"container\" data-e-type=\"container\" data-settings=\"{&quot;_ha_eqh_enable&quot;:false}\">\n\t\t\t\t<div class=\"elementor-element elementor-element-295655b elementor-widget__width-inherit elementor-widget elementor-widget-text-editor\" data-id=\"295655b\" data-element_type=\"widget\" data-e-type=\"widget\" data-widget_type=\"text-editor.default\">\n\t\t\t\t<div class=\"elementor-widget-container\">\n\t\t\t\t\t\t\t\t\t<p><span style=\"font-weight: 400;\">Facilitamos seu acesso \u00e0 sa\u00fade! O <\/span><b>LabMaia<\/b><span style=\"font-weight: 400;\"> trabalha com uma ampla rede de conv\u00eanios para garantir mais comodidade e acessibilidade aos nossos pacientes.<\/span><\/p><p><b>Consulte nossa lista e veja se o seu plano \u00e9 aceito.<\/b><span style=\"font-weight: 400;\"> Se precisar de mais informa\u00e7\u00f5es, estamos prontos para ajudar!<\/span><\/p>\t\t\t\t\t\t\t\t<\/div>\n\t\t\t\t<\/div>\n\t\t\t\t<div class=\"elementor-element elementor-element-79ba816 elementor-align-justify elementor-widget__width-inherit elementor-widget elementor-widget-button\" data-id=\"79ba816\" data-element_type=\"widget\" data-e-type=\"widget\" data-widget_type=\"button.default\">\n\t\t\t\t<div class=\"elementor-widget-container\">\n\t\t\t\t\t\t\t\t\t<div class=\"elementor-button-wrapper\">\n\t\t\t\t\t<a class=\"elementor-button elementor-button-link elementor-size-sm elementor-animation-float\" href=\"https:\/\/exames.laboratoriomaia.com.br:8082\/shift\/lis\/maia\/elis\/s01.iu.web.Login.cls\">\n\t\t\t\t\t\t<span class=\"elementor-button-content-wrapper\">\n\t\t\t\t\t\t\t\t\t<span class=\"elementor-button-text\">Resultados de exames<\/span>\n\t\t\t\t\t<\/span>\n\t\t\t\t\t<\/a>\n\t\t\t\t<\/div>\n\t\t\t\t\t\t\t\t<\/div>\n\t\t\t\t<\/div>\n\t\t\t\t<\/div>\n\t\t\t\t<\/div>\n\t\t\t\t\t<\/div>\n\t\t\t\t<\/div>\n\t\t<div data-particle_enable=\"false\" data-particle-mobile-disabled=\"false\" class=\"elementor-element elementor-element-1648353 e-flex e-con-boxed e-con e-parent\" data-id=\"1648353\" data-element_type=\"container\" data-e-type=\"container\" data-settings=\"{&quot;background_background&quot;:&quot;classic&quot;,&quot;_ha_eqh_enable&quot;:false}\">\n\t\t\t\t\t<div class=\"e-con-inner\">\n\t\t\t\t<div class=\"elementor-element elementor-element-2fe6c8c elementor-widget__width-initial elementor-widget elementor-widget-text-editor\" data-id=\"2fe6c8c\" data-element_type=\"widget\" data-e-type=\"widget\" data-widget_type=\"text-editor.default\">\n\t\t\t\t<div class=\"elementor-widget-container\">\n\t\t\t\t\t\t\t\t\t<p>Parceiros conveniados<\/p>\t\t\t\t\t\t\t\t<\/div>\n\t\t\t\t<\/div>\n\t\t\t\t<div class=\"elementor-element elementor-element-3d690fb gallery-spacing-custom elementor-widget elementor-widget-image-gallery\" data-id=\"3d690fb\" data-element_type=\"widget\" data-e-type=\"widget\" data-widget_type=\"image-gallery.default\">\n\t\t\t\t<div class=\"elementor-widget-container\">\n\t\t\t\t\t\t\t<div class=\"elementor-image-gallery\">\n\t\t\t<div id='gallery-1' class='gallery galleryid-1007 gallery-columns-4 gallery-size-full'><figure class='gallery-item'>\n\t\t\t<div class='gallery-icon landscape'>\n\t\t\t\t<img decoding=\"async\" width=\"600\" height=\"300\" src=\"https:\/\/laboratoriomaia.com.br\/site\/wp-content\/uploads\/2024\/09\/banescaixa-convenio-removebg-preview.webp\" class=\"attachment-full size-full\" alt=\"\" srcset=\"https:\/\/laboratoriomaia.com.br\/site\/wp-content\/uploads\/2024\/09\/banescaixa-convenio-removebg-preview.webp 600w, https:\/\/laboratoriomaia.com.br\/site\/wp-content\/uploads\/2024\/09\/banescaixa-convenio-removebg-preview-300x150.webp 300w\" sizes=\"(max-width: 600px) 100vw, 600px\" \/>\n\t\t\t<\/div><\/figure><figure class='gallery-item'>\n\t\t\t<div class='gallery-icon landscape'>\n\t\t\t\t<img decoding=\"async\" width=\"600\" height=\"300\" src=\"https:\/\/laboratoriomaia.com.br\/site\/wp-content\/uploads\/2024\/09\/aixa-saude-convenio-removebg-preview.webp\" class=\"attachment-full size-full\" alt=\"\" srcset=\"https:\/\/laboratoriomaia.com.br\/site\/wp-content\/uploads\/2024\/09\/aixa-saude-convenio-removebg-preview.webp 600w, https:\/\/laboratoriomaia.com.br\/site\/wp-content\/uploads\/2024\/09\/aixa-saude-convenio-removebg-preview-300x150.webp 300w\" sizes=\"(max-width: 600px) 100vw, 600px\" \/>\n\t\t\t<\/div><\/figure><figure class='gallery-item'>\n\t\t\t<div class='gallery-icon landscape'>\n\t\t\t\t<img loading=\"lazy\" decoding=\"async\" width=\"600\" height=\"300\" src=\"https:\/\/laboratoriomaia.com.br\/site\/wp-content\/uploads\/2024\/09\/esco-saude-convenio-removebg-preview.webp\" class=\"attachment-full size-full\" alt=\"\" srcset=\"https:\/\/laboratoriomaia.com.br\/site\/wp-content\/uploads\/2024\/09\/esco-saude-convenio-removebg-preview.webp 600w, https:\/\/laboratoriomaia.com.br\/site\/wp-content\/uploads\/2024\/09\/esco-saude-convenio-removebg-preview-300x150.webp 300w\" sizes=\"(max-width: 600px) 100vw, 600px\" \/>\n\t\t\t<\/div><\/figure><figure class='gallery-item'>\n\t\t\t<div class='gallery-icon landscape'>\n\t\t\t\t<img loading=\"lazy\" decoding=\"async\" width=\"600\" height=\"300\" src=\"https:\/\/laboratoriomaia.com.br\/site\/wp-content\/uploads\/2024\/09\/sao-roque-convenio-removebg-preview.webp\" class=\"attachment-full size-full\" alt=\"\" srcset=\"https:\/\/laboratoriomaia.com.br\/site\/wp-content\/uploads\/2024\/09\/sao-roque-convenio-removebg-preview.webp 600w, https:\/\/laboratoriomaia.com.br\/site\/wp-content\/uploads\/2024\/09\/sao-roque-convenio-removebg-preview-300x150.webp 300w\" sizes=\"(max-width: 600px) 100vw, 600px\" \/>\n\t\t\t<\/div><\/figure><figure class='gallery-item'>\n\t\t\t<div class='gallery-icon landscape'>\n\t\t\t\t<img loading=\"lazy\" decoding=\"async\" width=\"600\" height=\"300\" src=\"https:\/\/laboratoriomaia.com.br\/site\/wp-content\/uploads\/2024\/09\/assi-saude-convenio-removebg-preview.webp\" class=\"attachment-full size-full\" alt=\"\" srcset=\"https:\/\/laboratoriomaia.com.br\/site\/wp-content\/uploads\/2024\/09\/assi-saude-convenio-removebg-preview.webp 600w, https:\/\/laboratoriomaia.com.br\/site\/wp-content\/uploads\/2024\/09\/assi-saude-convenio-removebg-preview-300x150.webp 300w\" sizes=\"(max-width: 600px) 100vw, 600px\" \/>\n\t\t\t<\/div><\/figure><figure class='gallery-item'>\n\t\t\t<div class='gallery-icon landscape'>\n\t\t\t\t<img loading=\"lazy\" decoding=\"async\" width=\"600\" height=\"300\" src=\"https:\/\/laboratoriomaia.com.br\/site\/wp-content\/uploads\/2024\/09\/m-noroeste-convenio-removebg-preview.webp\" class=\"attachment-full size-full\" alt=\"\" srcset=\"https:\/\/laboratoriomaia.com.br\/site\/wp-content\/uploads\/2024\/09\/m-noroeste-convenio-removebg-preview.webp 600w, https:\/\/laboratoriomaia.com.br\/site\/wp-content\/uploads\/2024\/09\/m-noroeste-convenio-removebg-preview-300x150.webp 300w\" sizes=\"(max-width: 600px) 100vw, 600px\" \/>\n\t\t\t<\/div><\/figure><figure class='gallery-item'>\n\t\t\t<div class='gallery-icon landscape'>\n\t\t\t\t<img loading=\"lazy\" decoding=\"async\" width=\"600\" height=\"300\" src=\"https:\/\/laboratoriomaia.com.br\/site\/wp-content\/uploads\/2024\/09\/correios_convenio-removebg-preview.webp\" class=\"attachment-full size-full\" alt=\"\" srcset=\"https:\/\/laboratoriomaia.com.br\/site\/wp-content\/uploads\/2024\/09\/correios_convenio-removebg-preview.webp 600w, https:\/\/laboratoriomaia.com.br\/site\/wp-content\/uploads\/2024\/09\/correios_convenio-removebg-preview-300x150.webp 300w\" sizes=\"(max-width: 600px) 100vw, 600px\" \/>\n\t\t\t<\/div><\/figure><figure class='gallery-item'>\n\t\t\t<div class='gallery-icon landscape'>\n\t\t\t\t<img loading=\"lazy\" decoding=\"async\" width=\"600\" height=\"300\" src=\"https:\/\/laboratoriomaia.com.br\/site\/wp-content\/uploads\/2024\/09\/conps_convenio-removebg-preview.webp\" class=\"attachment-full size-full\" alt=\"\" srcset=\"https:\/\/laboratoriomaia.com.br\/site\/wp-content\/uploads\/2024\/09\/conps_convenio-removebg-preview.webp 600w, https:\/\/laboratoriomaia.com.br\/site\/wp-content\/uploads\/2024\/09\/conps_convenio-removebg-preview-300x150.webp 300w\" sizes=\"(max-width: 600px) 100vw, 600px\" \/>\n\t\t\t<\/div><\/figure><figure class='gallery-item'>\n\t\t\t<div class='gallery-icon landscape'>\n\t\t\t\t<img loading=\"lazy\" decoding=\"async\" width=\"600\" height=\"300\" src=\"https:\/\/laboratoriomaia.com.br\/site\/wp-content\/uploads\/2024\/09\/economic_saude_convenio-1-removebg-preview.webp\" class=\"attachment-full size-full\" alt=\"\" srcset=\"https:\/\/laboratoriomaia.com.br\/site\/wp-content\/uploads\/2024\/09\/economic_saude_convenio-1-removebg-preview.webp 600w, https:\/\/laboratoriomaia.com.br\/site\/wp-content\/uploads\/2024\/09\/economic_saude_convenio-1-removebg-preview-300x150.webp 300w\" sizes=\"(max-width: 600px) 100vw, 600px\" \/>\n\t\t\t<\/div><\/figure><figure class='gallery-item'>\n\t\t\t<div class='gallery-icon landscape'>\n\t\t\t\t<img loading=\"lazy\" decoding=\"async\" width=\"600\" height=\"300\" src=\"https:\/\/laboratoriomaia.com.br\/site\/wp-content\/uploads\/2024\/09\/pmc_convenios-removebg-preview.webp\" class=\"attachment-full size-full\" alt=\"\" srcset=\"https:\/\/laboratoriomaia.com.br\/site\/wp-content\/uploads\/2024\/09\/pmc_convenios-removebg-preview.webp 600w, https:\/\/laboratoriomaia.com.br\/site\/wp-content\/uploads\/2024\/09\/pmc_convenios-removebg-preview-300x150.webp 300w\" sizes=\"(max-width: 600px) 100vw, 600px\" \/>\n\t\t\t<\/div><\/figure><figure class='gallery-item'>\n\t\t\t<div class='gallery-icon landscape'>\n\t\t\t\t<img loading=\"lazy\" decoding=\"async\" width=\"600\" height=\"300\" src=\"https:\/\/laboratoriomaia.com.br\/site\/wp-content\/uploads\/2024\/09\/prefeitura_colatina_convenio-removebg-preview.webp\" class=\"attachment-full size-full\" alt=\"\" srcset=\"https:\/\/laboratoriomaia.com.br\/site\/wp-content\/uploads\/2024\/09\/prefeitura_colatina_convenio-removebg-preview.webp 600w, https:\/\/laboratoriomaia.com.br\/site\/wp-content\/uploads\/2024\/09\/prefeitura_colatina_convenio-removebg-preview-300x150.webp 300w\" sizes=\"(max-width: 600px) 100vw, 600px\" \/>\n\t\t\t<\/div><\/figure><figure class='gallery-item'>\n\t\t\t<div class='gallery-icon landscape'>\n\t\t\t\t<img loading=\"lazy\" decoding=\"async\" width=\"600\" height=\"300\" src=\"https:\/\/laboratoriomaia.com.br\/site\/wp-content\/uploads\/2024\/09\/samp_saude_convenios-removebg-preview.webp\" class=\"attachment-full size-full\" alt=\"\" srcset=\"https:\/\/laboratoriomaia.com.br\/site\/wp-content\/uploads\/2024\/09\/samp_saude_convenios-removebg-preview.webp 600w, https:\/\/laboratoriomaia.com.br\/site\/wp-content\/uploads\/2024\/09\/samp_saude_convenios-removebg-preview-300x150.webp 300w\" sizes=\"(max-width: 600px) 100vw, 600px\" \/>\n\t\t\t<\/div><\/figure><figure class='gallery-item'>\n\t\t\t<div class='gallery-icon landscape'>\n\t\t\t\t<img loading=\"lazy\" decoding=\"async\" width=\"600\" height=\"300\" src=\"https:\/\/laboratoriomaia.com.br\/site\/wp-content\/uploads\/2024\/09\/sao_bernardo_saude_convenio-removebg-preview.webp\" class=\"attachment-full size-full\" alt=\"\" srcset=\"https:\/\/laboratoriomaia.com.br\/site\/wp-content\/uploads\/2024\/09\/sao_bernardo_saude_convenio-removebg-preview.webp 600w, https:\/\/laboratoriomaia.com.br\/site\/wp-content\/uploads\/2024\/09\/sao_bernardo_saude_convenio-removebg-preview-300x150.webp 300w\" sizes=\"(max-width: 600px) 100vw, 600px\" \/>\n\t\t\t<\/div><\/figure><figure class='gallery-item'>\n\t\t\t<div class='gallery-icon landscape'>\n\t\t\t\t<img loading=\"lazy\" decoding=\"async\" width=\"600\" height=\"300\" src=\"https:\/\/laboratoriomaia.com.br\/site\/wp-content\/uploads\/2024\/09\/sesc_convenio-removebg-preview.webp\" class=\"attachment-full size-full\" alt=\"\" srcset=\"https:\/\/laboratoriomaia.com.br\/site\/wp-content\/uploads\/2024\/09\/sesc_convenio-removebg-preview.webp 600w, https:\/\/laboratoriomaia.com.br\/site\/wp-content\/uploads\/2024\/09\/sesc_convenio-removebg-preview-300x150.webp 300w\" sizes=\"(max-width: 600px) 100vw, 600px\" \/>\n\t\t\t<\/div><\/figure><figure class='gallery-item'>\n\t\t\t<div class='gallery-icon landscape'>\n\t\t\t\t<img loading=\"lazy\" decoding=\"async\" width=\"600\" height=\"300\" src=\"https:\/\/laboratoriomaia.com.br\/site\/wp-content\/uploads\/2024\/09\/sindicato_convenios-removebg-preview.webp\" class=\"attachment-full size-full\" alt=\"\" srcset=\"https:\/\/laboratoriomaia.com.br\/site\/wp-content\/uploads\/2024\/09\/sindicato_convenios-removebg-preview.webp 600w, https:\/\/laboratoriomaia.com.br\/site\/wp-content\/uploads\/2024\/09\/sindicato_convenios-removebg-preview-300x150.webp 300w\" sizes=\"(max-width: 600px) 100vw, 600px\" \/>\n\t\t\t<\/div><\/figure><figure class='gallery-item'>\n\t\t\t<div class='gallery-icon landscape'>\n\t\t\t\t<img loading=\"lazy\" decoding=\"async\" width=\"600\" height=\"300\" src=\"https:\/\/laboratoriomaia.com.br\/site\/wp-content\/uploads\/2024\/09\/unimed_convenio-1-removebg-preview.webp\" class=\"attachment-full size-full\" alt=\"\" srcset=\"https:\/\/laboratoriomaia.com.br\/site\/wp-content\/uploads\/2024\/09\/unimed_convenio-1-removebg-preview.webp 600w, https:\/\/laboratoriomaia.com.br\/site\/wp-content\/uploads\/2024\/09\/unimed_convenio-1-removebg-preview-300x150.webp 300w\" sizes=\"(max-width: 600px) 100vw, 600px\" \/>\n\t\t\t<\/div><\/figure>\n\t\t<\/div>\n\t\t<\/div>\n\t\t\t\t\t\t<\/div>\n\t\t\t\t<\/div>\n\t\t\t\t\t<\/div>\n\t\t\t\t<\/div>\n\t\t<div data-particle_enable=\"false\" data-particle-mobile-disabled=\"false\" class=\"elementor-element elementor-element-dd451b1 e-flex e-con-boxed e-con e-parent\" data-id=\"dd451b1\" data-element_type=\"container\" data-e-type=\"container\" data-settings=\"{&quot;background_background&quot;:&quot;classic&quot;,&quot;_ha_eqh_enable&quot;:false}\">\n\t\t\t\t\t<div class=\"e-con-inner\">\n\t\t\t\t<div class=\"elementor-element elementor-element-937d373 elementor-widget__width-initial elementor-widget elementor-widget-text-editor\" data-id=\"937d373\" data-element_type=\"widget\" data-e-type=\"widget\" data-widget_type=\"text-editor.default\">\n\t\t\t\t<div class=\"elementor-widget-container\">\n\t\t\t\t\t\t\t\t\t<p>Confira todos os procedimentos feitos pelo Grupo Maia<\/p>\t\t\t\t\t\t\t\t<\/div>\n\t\t\t\t<\/div>\n\t\t<div data-particle_enable=\"false\" data-particle-mobile-disabled=\"false\" class=\"elementor-element elementor-element-3d3525d e-con-full e-flex e-con e-child\" data-id=\"3d3525d\" data-element_type=\"container\" data-e-type=\"container\" data-settings=\"{&quot;_ha_eqh_enable&quot;:false}\">\n\t\t\t\t<div class=\"elementor-element elementor-element-193b0fc elementor-align-justify elementor-widget__width-inherit elementor-widget elementor-widget-button\" data-id=\"193b0fc\" data-element_type=\"widget\" data-e-type=\"widget\" data-widget_type=\"button.default\">\n\t\t\t\t<div class=\"elementor-widget-container\">\n\t\t\t\t\t\t\t\t\t<div class=\"elementor-button-wrapper\">\n\t\t\t\t\t<a class=\"elementor-button elementor-button-link elementor-size-sm elementor-animation-float\" href=\"https:\/\/laboratoriomaia.com.br\/site\/unidades\/\">\n\t\t\t\t\t\t<span class=\"elementor-button-content-wrapper\">\n\t\t\t\t\t\t\t\t\t<span class=\"elementor-button-text\">Saiba Mais<\/span>\n\t\t\t\t\t<\/span>\n\t\t\t\t\t<\/a>\n\t\t\t\t<\/div>\n\t\t\t\t\t\t\t\t<\/div>\n\t\t\t\t<\/div>\n\t\t\t\t<\/div>\n\t\t\t\t\t<\/div>\n\t\t\t\t<\/div>\n\t\t\t\t<\/div>\n\t\t","protected":false},"excerpt":{"rendered":"<p>conv\u00eanios Como utilizar o conv\u00eanio Facilitamos seu acesso \u00e0 sa\u00fade! O LabMaia trabalha com uma ampla rede de conv\u00eanios para garantir mais comodidade e acessibilidade aos nossos pacientes. Consulte nossa lista e veja se o seu plano \u00e9 aceito. Se precisar de mais informa\u00e7\u00f5es, estamos prontos para ajudar! Resultados de exames Parceiros conveniados Confira todos [&hellip;]<\/p>\n","protected":false},"author":3,"featured_media":0,"parent":0,"menu_order":0,"comment_status":"closed","ping_status":"closed","template":"elementor_header_footer","meta":{"_acf_changed":false,"footnotes":""},"class_list":["post-1007","page","type-page","status-publish","hentry"],"acf":[],"_links":{"self":[{"href":"https:\/\/laboratoriomaia.com.br\/site\/wp-json\/wp\/v2\/pages\/1007","targetHints":{"allow":["GET"]}}],"collection":[{"href":"https:\/\/laboratoriomaia.com.br\/site\/wp-json\/wp\/v2\/pages"}],"about":[{"href":"https:\/\/laboratoriomaia.com.br\/site\/wp-json\/wp\/v2\/types\/page"}],"author":[{"embeddable":true,"href":"https:\/\/laboratoriomaia.com.br\/site\/wp-json\/wp\/v2\/users\/3"}],"replies":[{"embeddable":true,"href":"https:\/\/laboratoriomaia.com.br\/site\/wp-json\/wp\/v2\/comments?post=1007"}],"version-history":[{"count":29,"href":"https:\/\/laboratoriomaia.com.br\/site\/wp-json\/wp\/v2\/pages\/1007\/revisions"}],"predecessor-version":[{"id":1373,"href":"https:\/\/laboratoriomaia.com.br\/site\/wp-json\/wp\/v2\/pages\/1007\/revisions\/1373"}],"wp:attachment":[{"href":"https:\/\/laboratoriomaia.com.br\/site\/wp-json\/wp\/v2\/media?parent=1007"}],"curies":[{"name":"wp","href":"https:\/\/api.w.org\/{rel}","templated":true}]}}